{"id":557,"date":"2024-06-03T10:01:16","date_gmt":"2024-06-03T08:01:16","guid":{"rendered":"https:\/\/wytworniaszans.org.pl\/?page_id=557"},"modified":"2025-06-27T10:00:57","modified_gmt":"2025-06-27T10:00:57","slug":"moje-zdrowie-psychiczne-moja-przyszlosc","status":"publish","type":"page","link":"https:\/\/wytworniaszans.org.pl\/?page_id=557","title":{"rendered":"Moje zdrowie psychiczne &#8211; moja przysz\u0142o\u015b\u0107"},"content":{"rendered":"","protected":false},"excerpt":{"rendered":"","protected":false},"author":1,"featured_media":0,"parent":0,"menu_order":0,"comment_status":"open","ping_status":"closed","template":"","meta":{"footnotes":""},"class_list":["post-557","page","type-page","status-publish","hentry"],"_links":{"self":[{"href":"https:\/\/wytworniaszans.org.pl\/index.php?rest_route=\/wp\/v2\/pages\/557","targetHints":{"allow":["GET"]}}],"collection":[{"href":"https:\/\/wytworniaszans.org.pl\/index.php?rest_route=\/wp\/v2\/pages"}],"about":[{"href":"https:\/\/wytworniaszans.org.pl\/index.php?rest_route=\/wp\/v2\/types\/page"}],"author":[{"embeddable":true,"href":"https:\/\/wytworniaszans.org.pl\/index.php?rest_route=\/wp\/v2\/users\/1"}],"replies":[{"embeddable":true,"href":"https:\/\/wytworniaszans.org.pl\/index.php?rest_route=%2Fwp%2Fv2%2Fcomments&post=557"}],"version-history":[{"count":1,"href":"https:\/\/wytworniaszans.org.pl\/index.php?rest_route=\/wp\/v2\/pages\/557\/revisions"}],"predecessor-version":[{"id":560,"href":"https:\/\/wytworniaszans.org.pl\/index.php?rest_route=\/wp\/v2\/pages\/557\/revisions\/560"}],"wp:attachment":[{"href":"https:\/\/wytworniaszans.org.pl\/index.php?rest_route=%2Fwp%2Fv2%2Fmedia&parent=557"}],"curies":[{"name":"wp","href":"https:\/\/api.w.org\/{rel}","templated":true}]}}