{"id":682,"date":"2024-07-30T10:40:25","date_gmt":"2024-07-30T08:40:25","guid":{"rendered":"https:\/\/wytworniaszans.org.pl\/?page_id=682"},"modified":"2025-06-27T10:03:03","modified_gmt":"2025-06-27T10:03:03","slug":"asystencja-osobista-dla-mieszkancow-dolnego-slaska","status":"publish","type":"page","link":"https:\/\/wytworniaszans.org.pl\/?page_id=682","title":{"rendered":"Asystencja-osobista-dla-mieszka\u0144c\u00f3w-Dolnego-\u015al\u0105ska"},"content":{"rendered":"","protected":false},"excerpt":{"rendered":"","protected":false},"author":1,"featured_media":0,"parent":0,"menu_order":0,"comment_status":"open","ping_status":"closed","template":"","meta":{"footnotes":""},"class_list":["post-682","page","type-page","status-publish","hentry"],"_links":{"self":[{"href":"https:\/\/wytworniaszans.org.pl\/index.php?rest_route=\/wp\/v2\/pages\/682","targetHints":{"allow":["GET"]}}],"collection":[{"href":"https:\/\/wytworniaszans.org.pl\/index.php?rest_route=\/wp\/v2\/pages"}],"about":[{"href":"https:\/\/wytworniaszans.org.pl\/index.php?rest_route=\/wp\/v2\/types\/page"}],"author":[{"embeddable":true,"href":"https:\/\/wytworniaszans.org.pl\/index.php?rest_route=\/wp\/v2\/users\/1"}],"replies":[{"embeddable":true,"href":"https:\/\/wytworniaszans.org.pl\/index.php?rest_route=%2Fwp%2Fv2%2Fcomments&post=682"}],"version-history":[{"count":1,"href":"https:\/\/wytworniaszans.org.pl\/index.php?rest_route=\/wp\/v2\/pages\/682\/revisions"}],"predecessor-version":[{"id":683,"href":"https:\/\/wytworniaszans.org.pl\/index.php?rest_route=\/wp\/v2\/pages\/682\/revisions\/683"}],"wp:attachment":[{"href":"https:\/\/wytworniaszans.org.pl\/index.php?rest_route=%2Fwp%2Fv2%2Fmedia&parent=682"}],"curies":[{"name":"wp","href":"https:\/\/api.w.org\/{rel}","templated":true}]}}