{"id":958,"date":"2025-05-14T15:34:31","date_gmt":"2025-05-14T13:34:31","guid":{"rendered":"https:\/\/wytworniaszans.org.pl\/?page_id=958"},"modified":"2025-06-27T09:55:26","modified_gmt":"2025-06-27T09:55:26","slug":"szansa-na-lepsze-specjalistyczne-poradnictwo-dla-osob-z-niepelnosprawnosciami-z-woj-kujawsko-pomorskiego","status":"publish","type":"page","link":"https:\/\/wytworniaszans.org.pl\/?page_id=958","title":{"rendered":"Szansa na lepsze! Specjalistyczne poradnictwo dla os\u00f3b z niepe\u0142nosprawno\u015bciami z woj. kujawsko-pomorskiego"},"content":{"rendered":"","protected":false},"excerpt":{"rendered":"","protected":false},"author":1,"featured_media":0,"parent":0,"menu_order":0,"comment_status":"open","ping_status":"closed","template":"","meta":{"footnotes":""},"class_list":["post-958","page","type-page","status-publish","hentry"],"_links":{"self":[{"href":"https:\/\/wytworniaszans.org.pl\/index.php?rest_route=\/wp\/v2\/pages\/958","targetHints":{"allow":["GET"]}}],"collection":[{"href":"https:\/\/wytworniaszans.org.pl\/index.php?rest_route=\/wp\/v2\/pages"}],"about":[{"href":"https:\/\/wytworniaszans.org.pl\/index.php?rest_route=\/wp\/v2\/types\/page"}],"author":[{"embeddable":true,"href":"https:\/\/wytworniaszans.org.pl\/index.php?rest_route=\/wp\/v2\/users\/1"}],"replies":[{"embeddable":true,"href":"https:\/\/wytworniaszans.org.pl\/index.php?rest_route=%2Fwp%2Fv2%2Fcomments&post=958"}],"version-history":[{"count":1,"href":"https:\/\/wytworniaszans.org.pl\/index.php?rest_route=\/wp\/v2\/pages\/958\/revisions"}],"predecessor-version":[{"id":961,"href":"https:\/\/wytworniaszans.org.pl\/index.php?rest_route=\/wp\/v2\/pages\/958\/revisions\/961"}],"wp:attachment":[{"href":"https:\/\/wytworniaszans.org.pl\/index.php?rest_route=%2Fwp%2Fv2%2Fmedia&parent=958"}],"curies":[{"name":"wp","href":"https:\/\/api.w.org\/{rel}","templated":true}]}}